{"id":2081,"date":"2024-02-13T07:31:18","date_gmt":"2024-02-13T07:31:18","guid":{"rendered":"https:\/\/miopaper.com\/?page_id=2081"},"modified":"2024-02-13T07:59:26","modified_gmt":"2024-02-13T07:59:26","slug":"miotripleks-tripleks-gt","status":"publish","type":"page","link":"https:\/\/miopaper.com\/tr\/miotripleks-tripleks-gt\/","title":{"rendered":"Miotripleks\u2122 (Tripleks, GT)"},"content":{"rendered":"\t\t<div data-elementor-type=\"wp-page\" data-elementor-id=\"2081\" class=\"elementor elementor-2081 elementor-2078\">\n\t\t\t\t\t\t<section class=\"elementor-section elementor-top-section elementor-element elementor-element-dc6efe6 elementor-section-boxed elementor-section-height-default elementor-section-height-default\" data-id=\"dc6efe6\" data-element_type=\"section\">\n\t\t\t\t\t\t<div class=\"elementor-container elementor-column-gap-default\">\n\t\t\t\t\t<div class=\"elementor-column elementor-col-50 elementor-top-column elementor-element elementor-element-1a7ea9e\" data-id=\"1a7ea9e\" data-element_type=\"column\">\n\t\t\t<div class=\"elementor-widget-wrap elementor-element-populated\">\n\t\t\t\t\t\t<div class=\"elementor-element elementor-element-13b26ba elementor-widget elementor-widget-gallery_slider\" data-id=\"13b26ba\" data-element_type=\"widget\" data-widget_type=\"gallery_slider.default\">\n\t\t\t\t<div class=\"elementor-widget-container\">\n\t\t\t<div class=\"gallery-fs\"><figure><img decoding=\"async\" src=\"https:\/\/miopaper.com\/wp-content\/uploads\/mio-print-tripleks-1-1.png\" alt=\"\"><\/figure><\/div>\t\t<\/div>\n\t\t\t\t<\/div>\n\t\t\t\t\t<\/div>\n\t\t<\/div>\n\t\t\t\t<div class=\"elementor-column elementor-col-50 elementor-top-column elementor-element elementor-element-c9ebcb8\" data-id=\"c9ebcb8\" data-element_type=\"column\">\n\t\t\t<div class=\"elementor-widget-wrap elementor-element-populated\">\n\t\t\t\t\t\t<div class=\"elementor-element elementor-element-4fcaeb2 elementor-widget elementor-widget-gallery_slider\" data-id=\"4fcaeb2\" data-element_type=\"widget\" data-widget_type=\"gallery_slider.default\">\n\t\t\t\t<div class=\"elementor-widget-container\">\n\t\t\t<div class=\"gallery-fs\"><figure><img decoding=\"async\" src=\"https:\/\/miopaper.com\/wp-content\/uploads\/4.jpg\" alt=\"\"><\/figure><\/div>\t\t<\/div>\n\t\t\t\t<\/div>\n\t\t\t\t<div class=\"elementor-element elementor-element-7f71bff elementor-widget elementor-widget-gallery_slider\" data-id=\"7f71bff\" data-element_type=\"widget\" data-widget_type=\"gallery_slider.default\">\n\t\t\t\t<div class=\"elementor-widget-container\">\n\t\t\t<div class=\"gallery-fs\"><figure><img decoding=\"async\" src=\"https:\/\/miopaper.com\/wp-content\/uploads\/IMG_0949-scaled-1.jpg\" alt=\"\"><\/figure><\/div>\t\t<\/div>\n\t\t\t\t<\/div>\n\t\t\t\t\t<\/div>\n\t\t<\/div>\n\t\t\t\t\t<\/div>\n\t\t<\/section>\n\t\t\t\t<section class=\"elementor-section elementor-top-section elementor-element elementor-element-1a15ff7 elementor-section-boxed elementor-section-height-default elementor-section-height-default\" data-id=\"1a15ff7\" data-element_type=\"section\">\n\t\t\t\t\t\t<div class=\"elementor-container elementor-column-gap-default\">\n\t\t\t\t\t<div class=\"elementor-column elementor-col-100 elementor-top-column elementor-element elementor-element-3386123\" data-id=\"3386123\" data-element_type=\"column\">\n\t\t\t<div class=\"elementor-widget-wrap elementor-element-populated\">\n\t\t\t\t\t\t<div class=\"elementor-element elementor-element-588848e elementor-widget elementor-widget-heading\" data-id=\"588848e\" data-element_type=\"widget\" data-widget_type=\"heading.default\">\n\t\t\t\t<div class=\"elementor-widget-container\">\n\t\t\t<style>\/*! elementor - v3.23.0 - 25-07-2024 *\/\n.elementor-heading-title{padding:0;margin:0;line-height:1}.elementor-widget-heading .elementor-heading-title[class*=elementor-size-]>a{color:inherit;font-size:inherit;line-height:inherit}.elementor-widget-heading .elementor-heading-title.elementor-size-small{font-size:15px}.elementor-widget-heading .elementor-heading-title.elementor-size-medium{font-size:19px}.elementor-widget-heading .elementor-heading-title.elementor-size-large{font-size:29px}.elementor-widget-heading .elementor-heading-title.elementor-size-xl{font-size:39px}.elementor-widget-heading .elementor-heading-title.elementor-size-xxl{font-size:59px}<\/style><h3 class='heading-left  divider-sm'  style=\"color:#000000\"><span>MIOPRINT\u2122 (DUBLEKS, GD)<\/span><\/h3>\t\t<\/div>\n\t\t\t\t<\/div>\n\t\t\t\t<div class=\"elementor-element elementor-element-0b22f8c elementor-widget elementor-widget-text-editor\" data-id=\"0b22f8c\" data-element_type=\"widget\" data-widget_type=\"text-editor.default\">\n\t\t\t\t<div class=\"elementor-widget-container\">\n\t\t\t<style>\/*! elementor - v3.23.0 - 25-07-2024 *\/\n.elementor-widget-text-editor.elementor-drop-cap-view-stacked .elementor-drop-cap{background-color:#69727d;color:#fff}.elementor-widget-text-editor.elementor-drop-cap-view-framed .elementor-drop-cap{color:#69727d;border:3px solid;background-color:transparent}.elementor-widget-text-editor:not(.elementor-drop-cap-view-default) .elementor-drop-cap{margin-top:8px}.elementor-widget-text-editor:not(.elementor-drop-cap-view-default) .elementor-drop-cap-letter{width:1em;height:1em}.elementor-widget-text-editor .elementor-drop-cap{float:left;text-align:center;line-height:1;font-size:50px}.elementor-widget-text-editor .elementor-drop-cap-letter{display:inline-block}<\/style>\t\t\t\t<p>\u0130yi bask\u0131 \u00f6zellikleri gerektiren kutu ve ambalaj \u00fcretimi i\u00e7in tasarlanm\u0131\u015ft\u0131r. \u00dcst y\u00fczeyde Airknife &amp; Blade uygulamalar\u0131 ile iki kat kaplama, arka y\u00fczeyde ise Rod uygulamas\u0131 ile tek kat kaplama uygulanmaktad\u0131r.<\/p>\n<p><span style=\"color: var( --e-global-color-text ); font-family: var( --e-global-typography-text-font-family ), Sans-serif; font-weight: var( --e-global-typography-text-font-weight );\">\u00dcretim hatt\u0131m\u0131zda 210, 230, 280, 300, 350, 400 ve 450 g\/m2 aral\u0131\u011f\u0131nda Mioprint karton \u00fcretimi yap\u0131lmaktad\u0131r. Mioprint kartonlar\u0131 g\u0131da ambalaj\u0131, temizlik malzemesi ambalaj\u0131, takvim, bro\u015f\u00fcr, kozmetik, elektrik-elektronik malzeme ambalaj\u0131nda \u200b\u200bkullan\u0131lmaktad\u0131r.<\/span><\/p>\n\t\t\t\t\t\t<\/div>\n\t\t\t\t<\/div>\n\t\t\t\t<div class=\"elementor-element elementor-element-4b2ff35 elementor-widget elementor-widget-image\" data-id=\"4b2ff35\" data-element_type=\"widget\" data-widget_type=\"image.default\">\n\t\t\t\t<div class=\"elementor-widget-container\">\n\t\t\t<style>\/*! elementor - v3.23.0 - 25-07-2024 *\/\n.elementor-widget-image{text-align:center}.elementor-widget-image a{display:inline-block}.elementor-widget-image a img[src$=\".svg\"]{width:48px}.elementor-widget-image img{vertical-align:middle;display:inline-block}<\/style>\t\t\t\t\t\t\t\t\t\t<img fetchpriority=\"high\" decoding=\"async\" width=\"680\" height=\"516\" src=\"https:\/\/miopaper.com\/wp-content\/uploads\/mioprint-tr-miopaper-05.png\" class=\"attachment-large size-large wp-image-2123\" alt=\"\" srcset=\"https:\/\/miopaper.com\/wp-content\/uploads\/mioprint-tr-miopaper-05.png 680w, https:\/\/miopaper.com\/wp-content\/uploads\/mioprint-tr-miopaper-05-300x228.png 300w\" sizes=\"(max-width: 680px) 100vw, 680px\" \/>\t\t\t\t\t\t\t\t\t\t\t\t\t<\/div>\n\t\t\t\t<\/div>\n\t\t\t\t<div class=\"elementor-element elementor-element-970d426 elementor-widget elementor-widget-image\" data-id=\"970d426\" data-element_type=\"widget\" data-widget_type=\"image.default\">\n\t\t\t\t<div class=\"elementor-widget-container\">\n\t\t\t\t\t\t\t\t\t\t\t\t\t<img decoding=\"async\" width=\"778\" height=\"327\" src=\"https:\/\/miopaper.com\/wp-content\/uploads\/mioprint-tr-02.png\" class=\"attachment-large size-large wp-image-2069\" alt=\"\" srcset=\"https:\/\/miopaper.com\/wp-content\/uploads\/mioprint-tr-02.png 778w, https:\/\/miopaper.com\/wp-content\/uploads\/mioprint-tr-02-300x126.png 300w, https:\/\/miopaper.com\/wp-content\/uploads\/mioprint-tr-02-768x323.png 768w\" sizes=\"(max-width: 778px) 100vw, 778px\" \/>\t\t\t\t\t\t\t\t\t\t\t\t\t<\/div>\n\t\t\t\t<\/div>\n\t\t\t\t\t<\/div>\n\t\t<\/div>\n\t\t\t\t\t<\/div>\n\t\t<\/section>\n\t\t\t\t<\/div>\n\t\t","protected":false},"excerpt":{"rendered":"<p>MIOPRINT\u2122 (DUBLEKS, GD) \u0130yi bask\u0131 \u00f6zellikleri gerektiren kutu ve ambalaj \u00fcretimi i\u00e7in tasarlanm\u0131\u015ft\u0131r. \u00dcst y\u00fczeyde Airknife &amp; Blade uygulamalar\u0131 ile iki kat kaplama, arka y\u00fczeyde ise Rod uygulamas\u0131 ile tek kat kaplama uygulanmaktad\u0131r. \u00dcretim hatt\u0131m\u0131zda 210, 230, 280, 300, 350, &hellip;<\/p>\n","protected":false},"author":1,"featured_media":0,"parent":0,"menu_order":0,"comment_status":"closed","ping_status":"closed","template":"","meta":{"footnotes":""},"class_list":["post-2081","page","type-page","status-publish","hentry"],"_links":{"self":[{"href":"https:\/\/miopaper.com\/tr\/wp-json\/wp\/v2\/pages\/2081","targetHints":{"allow":["GET"]}}],"collection":[{"href":"https:\/\/miopaper.com\/tr\/wp-json\/wp\/v2\/pages"}],"about":[{"href":"https:\/\/miopaper.com\/tr\/wp-json\/wp\/v2\/types\/page"}],"author":[{"embeddable":true,"href":"https:\/\/miopaper.com\/tr\/wp-json\/wp\/v2\/users\/1"}],"replies":[{"embeddable":true,"href":"https:\/\/miopaper.com\/tr\/wp-json\/wp\/v2\/comments?post=2081"}],"version-history":[{"count":10,"href":"https:\/\/miopaper.com\/tr\/wp-json\/wp\/v2\/pages\/2081\/revisions"}],"predecessor-version":[{"id":2128,"href":"https:\/\/miopaper.com\/tr\/wp-json\/wp\/v2\/pages\/2081\/revisions\/2128"}],"wp:attachment":[{"href":"https:\/\/miopaper.com\/tr\/wp-json\/wp\/v2\/media?parent=2081"}],"curies":[{"name":"wp","href":"https:\/\/api.w.org\/{rel}","templated":true}]}}