{"id":1854,"date":"2023-01-20T08:33:12","date_gmt":"2023-01-20T08:33:12","guid":{"rendered":"https:\/\/miopaper.com\/duz-ve-tranmis-seperatorler\/"},"modified":"2023-12-14T11:51:52","modified_gmt":"2023-12-14T11:51:52","slug":"duz-ve-tranmis-seperatorler","status":"publish","type":"page","link":"https:\/\/miopaper.com\/tr\/duz-ve-tranmis-seperatorler\/","title":{"rendered":"D\u00fcz ve Tranm\u0131\u015f Seperat\u00f6rler"},"content":{"rendered":"\t\t<div data-elementor-type=\"wp-page\" data-elementor-id=\"1854\" class=\"elementor elementor-1854 elementor-1014\">\n\t\t\t\t\t\t<section class=\"elementor-section elementor-top-section elementor-element elementor-element-b9f397a elementor-section-boxed elementor-section-height-default elementor-section-height-default\" data-id=\"b9f397a\" data-element_type=\"section\">\n\t\t\t\t\t\t<div class=\"elementor-container elementor-column-gap-default\">\n\t\t\t\t\t<div class=\"elementor-column elementor-col-50 elementor-top-column elementor-element elementor-element-32ff602\" data-id=\"32ff602\" data-element_type=\"column\">\n\t\t\t<div class=\"elementor-widget-wrap elementor-element-populated\">\n\t\t\t\t\t\t<div class=\"elementor-element elementor-element-b31683d elementor-widget elementor-widget-gallery_slider\" data-id=\"b31683d\" data-element_type=\"widget\" data-widget_type=\"gallery_slider.default\">\n\t\t\t\t<div class=\"elementor-widget-container\">\n\t\t\t<div class=\"gallery-fs\"><figure><img decoding=\"async\" src=\"https:\/\/miopaper.com\/wp-content\/uploads\/flat-combed-seperators-for-box.jpg-scaled.jpg\" alt=\"\"><\/figure><div class=\"gallery-fs-nav\"><button class=\"gallery-fs-fullscreen\"><i class=\"fa fa-arrows-alt\"><\/i><\/button><\/div><div class=\"gallery-fs-thumbnails gallery-fs-thumbnails-col-5 owl-carousel owl-loaded\"><a href='https:\/\/miopaper.com\/wp-content\/uploads\/flat-combed-seperators-for-box.jpg-scaled.jpg' data-caption='flat-combed-seperators-for-box.jpg' title='flat-combed-seperators-for-box.jpg' class=\"selected\"><img class='attachment-anps-gallery-thumb size-anps-gallery-thumb' src=https:\/\/miopaper.com\/wp-content\/uploads\/flat-combed-seperators-for-box.jpg-scaled.jpg sizes='(max-width: 280px) 100vw, 280px' width='280' height='158'><\/a><a href='https:\/\/miopaper.com\/wp-content\/uploads\/flat-combed-seperators-for-box.jpg' data-caption='flat-combed-seperators-for-box' title='flat-combed-seperators-for-box'><img class='attachment-anps-gallery-thumb size-anps-gallery-thumb' src=https:\/\/miopaper.com\/wp-content\/uploads\/flat-combed-seperators-for-box.jpg sizes='(max-width: 280px) 100vw, 280px' width='280' height='158'><\/a><\/div><\/div>\t\t<\/div>\n\t\t\t\t<\/div>\n\t\t\t\t\t<\/div>\n\t\t<\/div>\n\t\t\t\t<div class=\"elementor-column elementor-col-50 elementor-top-column elementor-element elementor-element-03565b5\" data-id=\"03565b5\" data-element_type=\"column\">\n\t\t\t<div class=\"elementor-widget-wrap\">\n\t\t\t\t\t\t\t<\/div>\n\t\t<\/div>\n\t\t\t\t\t<\/div>\n\t\t<\/section>\n\t\t\t\t<section class=\"elementor-section elementor-top-section elementor-element elementor-element-9141969 elementor-section-boxed elementor-section-height-default elementor-section-height-default\" data-id=\"9141969\" data-element_type=\"section\">\n\t\t\t\t\t\t<div class=\"elementor-container elementor-column-gap-default\">\n\t\t\t\t\t<div class=\"elementor-column elementor-col-100 elementor-top-column elementor-element elementor-element-aa3da3c\" data-id=\"aa3da3c\" data-element_type=\"column\">\n\t\t\t<div class=\"elementor-widget-wrap elementor-element-populated\">\n\t\t\t\t\t\t<div class=\"elementor-element elementor-element-6739ccb elementor-widget elementor-widget-heading\" data-id=\"6739ccb\" data-element_type=\"widget\" data-widget_type=\"heading.default\">\n\t\t\t\t<div class=\"elementor-widget-container\">\n\t\t\t<style>\/*! elementor - v3.23.0 - 25-07-2024 *\/\n.elementor-heading-title{padding:0;margin:0;line-height:1}.elementor-widget-heading .elementor-heading-title[class*=elementor-size-]>a{color:inherit;font-size:inherit;line-height:inherit}.elementor-widget-heading .elementor-heading-title.elementor-size-small{font-size:15px}.elementor-widget-heading .elementor-heading-title.elementor-size-medium{font-size:19px}.elementor-widget-heading .elementor-heading-title.elementor-size-large{font-size:29px}.elementor-widget-heading .elementor-heading-title.elementor-size-xl{font-size:39px}.elementor-widget-heading .elementor-heading-title.elementor-size-xxl{font-size:59px}<\/style><h3 class='heading-left  divider-sm'  style=\"color:#000000\"><span>D\u00dcZ VE TARANMI\u015e SEPARAT\u00d6RLER<\/span><\/h3>\t\t<\/div>\n\t\t\t\t<\/div>\n\t\t\t\t<div class=\"elementor-element elementor-element-85ca906 elementor-widget elementor-widget-text-editor\" data-id=\"85ca906\" data-element_type=\"widget\" data-widget_type=\"text-editor.default\">\n\t\t\t\t<div class=\"elementor-widget-container\">\n\t\t\t<style>\/*! elementor - v3.23.0 - 25-07-2024 *\/\n.elementor-widget-text-editor.elementor-drop-cap-view-stacked .elementor-drop-cap{background-color:#69727d;color:#fff}.elementor-widget-text-editor.elementor-drop-cap-view-framed .elementor-drop-cap{color:#69727d;border:3px solid;background-color:transparent}.elementor-widget-text-editor:not(.elementor-drop-cap-view-default) .elementor-drop-cap{margin-top:8px}.elementor-widget-text-editor:not(.elementor-drop-cap-view-default) .elementor-drop-cap-letter{width:1em;height:1em}.elementor-widget-text-editor .elementor-drop-cap{float:left;text-align:center;line-height:1;font-size:50px}.elementor-widget-text-editor .elementor-drop-cap-letter{display:inline-block}<\/style>\t\t\t\t<p>E, B, C, BC, EB dalga oluklu mukavvalardan \u00fcretilebilmektedir. Genellikle \u00fcst \u00fcste istiflenen \u00fcr\u00fcnlerin aras\u0131nda b\u00f6lme olarak kullan\u0131l\u0131r. Koli veya palette raf g\u00f6revi g\u00f6r\u00fcr. \u00dcr\u00fcnlerin aras\u0131nda ba\u011flant\u0131 sa\u011flayarak da\u011f\u0131lmas\u0131n\u0131 ve \u00e7\u00f6kmesini engeller, mukavemetini artt\u0131r\u0131r. Oluklu Mukavva Separat\u00f6rler istenilen palet veya kolinin i\u00e7 \u00f6l\u00e7\u00fclerine g\u00f6re istenilen \u00f6l\u00e7\u00fclerde \u00fcretilebilmektedir.<\/p>\n<p>Penye seperat\u00f6rler istenilen kalite ve ebatlarda \u00fcretilebilmektedir. Petek \u015feklinde kanallar a\u00e7\u0131larak kesilen seperat\u00f6rlerin birbirine dik a\u00e7\u0131yla art\u0131 \u015feklinde monte edilmesiyle olu\u015fur.<\/p>\n\t\t\t\t\t\t<\/div>\n\t\t\t\t<\/div>\n\t\t\t\t\t<\/div>\n\t\t<\/div>\n\t\t\t\t\t<\/div>\n\t\t<\/section>\n\t\t\t\t<\/div>\n\t\t","protected":false},"excerpt":{"rendered":"<p>D\u00dcZ VE TARANMI\u015e SEPARAT\u00d6RLER E, B, C, BC, EB dalga oluklu mukavvalardan \u00fcretilebilmektedir. Genellikle \u00fcst \u00fcste istiflenen \u00fcr\u00fcnlerin aras\u0131nda b\u00f6lme olarak kullan\u0131l\u0131r. Koli veya palette raf g\u00f6revi g\u00f6r\u00fcr. \u00dcr\u00fcnlerin aras\u0131nda ba\u011flant\u0131 sa\u011flayarak da\u011f\u0131lmas\u0131n\u0131 ve \u00e7\u00f6kmesini engeller, mukavemetini artt\u0131r\u0131r. Oluklu Mukavva &hellip;<\/p>\n","protected":false},"author":2,"featured_media":0,"parent":0,"menu_order":0,"comment_status":"closed","ping_status":"closed","template":"","meta":{"footnotes":""},"class_list":["post-1854","page","type-page","status-publish","hentry"],"_links":{"self":[{"href":"https:\/\/miopaper.com\/tr\/wp-json\/wp\/v2\/pages\/1854","targetHints":{"allow":["GET"]}}],"collection":[{"href":"https:\/\/miopaper.com\/tr\/wp-json\/wp\/v2\/pages"}],"about":[{"href":"https:\/\/miopaper.com\/tr\/wp-json\/wp\/v2\/types\/page"}],"author":[{"embeddable":true,"href":"https:\/\/miopaper.com\/tr\/wp-json\/wp\/v2\/users\/2"}],"replies":[{"embeddable":true,"href":"https:\/\/miopaper.com\/tr\/wp-json\/wp\/v2\/comments?post=1854"}],"version-history":[{"count":1,"href":"https:\/\/miopaper.com\/tr\/wp-json\/wp\/v2\/pages\/1854\/revisions"}],"predecessor-version":[{"id":1855,"href":"https:\/\/miopaper.com\/tr\/wp-json\/wp\/v2\/pages\/1854\/revisions\/1855"}],"wp:attachment":[{"href":"https:\/\/miopaper.com\/tr\/wp-json\/wp\/v2\/media?parent=1854"}],"curies":[{"name":"wp","href":"https:\/\/api.w.org\/{rel}","templated":true}]}}