{"id":2080,"date":"2024-02-13T07:31:18","date_gmt":"2024-02-13T07:31:18","guid":{"rendered":"https:\/\/miopaper.com\/?page_id=2080"},"modified":"2024-02-13T07:58:07","modified_gmt":"2024-02-13T07:58:07","slug":"miotripleks-tripleks-gt","status":"publish","type":"page","link":"https:\/\/miopaper.com\/es\/miotripleks-tripleks-gt\/","title":{"rendered":"Miotripleks\u2122 (Tripleks, GT)"},"content":{"rendered":"\t\t<div data-elementor-type=\"wp-page\" data-elementor-id=\"2080\" class=\"elementor elementor-2080 elementor-2078\">\n\t\t\t\t\t\t<section class=\"elementor-section elementor-top-section elementor-element elementor-element-dc6efe6 elementor-section-boxed elementor-section-height-default elementor-section-height-default\" data-id=\"dc6efe6\" data-element_type=\"section\">\n\t\t\t\t\t\t<div class=\"elementor-container elementor-column-gap-default\">\n\t\t\t\t\t<div class=\"elementor-column elementor-col-50 elementor-top-column elementor-element elementor-element-1a7ea9e\" data-id=\"1a7ea9e\" data-element_type=\"column\">\n\t\t\t<div class=\"elementor-widget-wrap elementor-element-populated\">\n\t\t\t\t\t\t<div class=\"elementor-element elementor-element-13b26ba elementor-widget elementor-widget-gallery_slider\" data-id=\"13b26ba\" data-element_type=\"widget\" data-widget_type=\"gallery_slider.default\">\n\t\t\t\t<div class=\"elementor-widget-container\">\n\t\t\t<div class=\"gallery-fs\"><figure><img decoding=\"async\" src=\"https:\/\/miopaper.com\/wp-content\/uploads\/mio-print-tripleks-1-1.png\" alt=\"\"><\/figure><\/div>\t\t<\/div>\n\t\t\t\t<\/div>\n\t\t\t\t\t<\/div>\n\t\t<\/div>\n\t\t\t\t<div class=\"elementor-column elementor-col-50 elementor-top-column elementor-element elementor-element-c9ebcb8\" data-id=\"c9ebcb8\" data-element_type=\"column\">\n\t\t\t<div class=\"elementor-widget-wrap elementor-element-populated\">\n\t\t\t\t\t\t<div class=\"elementor-element elementor-element-4fcaeb2 elementor-widget elementor-widget-gallery_slider\" data-id=\"4fcaeb2\" data-element_type=\"widget\" data-widget_type=\"gallery_slider.default\">\n\t\t\t\t<div class=\"elementor-widget-container\">\n\t\t\t<div class=\"gallery-fs\"><figure><img decoding=\"async\" src=\"https:\/\/miopaper.com\/wp-content\/uploads\/4.jpg\" alt=\"\"><\/figure><\/div>\t\t<\/div>\n\t\t\t\t<\/div>\n\t\t\t\t<div class=\"elementor-element elementor-element-7f71bff elementor-widget elementor-widget-gallery_slider\" data-id=\"7f71bff\" data-element_type=\"widget\" data-widget_type=\"gallery_slider.default\">\n\t\t\t\t<div class=\"elementor-widget-container\">\n\t\t\t<div class=\"gallery-fs\"><figure><img decoding=\"async\" src=\"https:\/\/miopaper.com\/wp-content\/uploads\/IMG_0949-scaled-1.jpg\" alt=\"\"><\/figure><\/div>\t\t<\/div>\n\t\t\t\t<\/div>\n\t\t\t\t\t<\/div>\n\t\t<\/div>\n\t\t\t\t\t<\/div>\n\t\t<\/section>\n\t\t\t\t<section class=\"elementor-section elementor-top-section elementor-element elementor-element-9f1d227 elementor-section-boxed elementor-section-height-default elementor-section-height-default\" data-id=\"9f1d227\" data-element_type=\"section\">\n\t\t\t\t\t\t<div class=\"elementor-container elementor-column-gap-default\">\n\t\t\t\t\t<div class=\"elementor-column elementor-col-100 elementor-top-column elementor-element elementor-element-b48abbe\" data-id=\"b48abbe\" data-element_type=\"column\">\n\t\t\t<div class=\"elementor-widget-wrap elementor-element-populated\">\n\t\t\t\t\t\t<div class=\"elementor-element elementor-element-91f4737 elementor-widget elementor-widget-heading\" data-id=\"91f4737\" data-element_type=\"widget\" data-widget_type=\"heading.default\">\n\t\t\t\t<div class=\"elementor-widget-container\">\n\t\t\t<style>\/*! elementor - v3.23.0 - 25-07-2024 *\/\n.elementor-heading-title{padding:0;margin:0;line-height:1}.elementor-widget-heading .elementor-heading-title[class*=elementor-size-]>a{color:inherit;font-size:inherit;line-height:inherit}.elementor-widget-heading .elementor-heading-title.elementor-size-small{font-size:15px}.elementor-widget-heading .elementor-heading-title.elementor-size-medium{font-size:19px}.elementor-widget-heading .elementor-heading-title.elementor-size-large{font-size:29px}.elementor-widget-heading .elementor-heading-title.elementor-size-xl{font-size:39px}.elementor-widget-heading .elementor-heading-title.elementor-size-xxl{font-size:59px}<\/style><h3 class='heading-left  divider-sm'  style=\"color:#000000\"><span>MIOPRINT\u2122 (DUBLEKS, GD)<\/span><\/h3>\t\t<\/div>\n\t\t\t\t<\/div>\n\t\t\t\t<div class=\"elementor-element elementor-element-7c5574b elementor-widget elementor-widget-text-editor\" data-id=\"7c5574b\" data-element_type=\"widget\" data-widget_type=\"text-editor.default\">\n\t\t\t\t<div class=\"elementor-widget-container\">\n\t\t\t<style>\/*! elementor - v3.23.0 - 25-07-2024 *\/\n.elementor-widget-text-editor.elementor-drop-cap-view-stacked .elementor-drop-cap{background-color:#69727d;color:#fff}.elementor-widget-text-editor.elementor-drop-cap-view-framed .elementor-drop-cap{color:#69727d;border:3px solid;background-color:transparent}.elementor-widget-text-editor:not(.elementor-drop-cap-view-default) .elementor-drop-cap{margin-top:8px}.elementor-widget-text-editor:not(.elementor-drop-cap-view-default) .elementor-drop-cap-letter{width:1em;height:1em}.elementor-widget-text-editor .elementor-drop-cap{float:left;text-align:center;line-height:1;font-size:50px}.elementor-widget-text-editor .elementor-drop-cap-letter{display:inline-block}<\/style>\t\t\t\t<p>Dise\u00f1ado para la producci\u00f3n de cajas y envases que requieren buenas propiedades de impresi\u00f3n.<\/p><p>El revestimiento de dos capas se aplica con Airknife &amp; Blade en la superficie superior y el revestimiento de una capa se aplica con Rod en la superficie posterior.<\/p><p><span style=\"color: var( --e-global-color-text ); font-family: var( --e-global-typography-text-font-family ), Sans-serif; font-weight: var( --e-global-typography-text-font-weight );\">In our production line, Mioprint cardboard is produced in the range of 210, 230, 280, 300, 350, 400 and 450 g\/m2. Mioprint cartons are used in food packaging, cleaning material packaging, calendar, brochure, cosmetics, electrical-electronic material packaging.<\/span><\/p>\t\t\t\t\t\t<\/div>\n\t\t\t\t<\/div>\n\t\t\t\t<div class=\"elementor-element elementor-element-787361b elementor-widget elementor-widget-image\" data-id=\"787361b\" data-element_type=\"widget\" data-widget_type=\"image.default\">\n\t\t\t\t<div class=\"elementor-widget-container\">\n\t\t\t<style>\/*! elementor - v3.23.0 - 25-07-2024 *\/\n.elementor-widget-image{text-align:center}.elementor-widget-image a{display:inline-block}.elementor-widget-image a img[src$=\".svg\"]{width:48px}.elementor-widget-image img{vertical-align:middle;display:inline-block}<\/style>\t\t\t\t\t\t\t\t\t\t<img fetchpriority=\"high\" decoding=\"async\" width=\"680\" height=\"516\" src=\"https:\/\/miopaper.com\/wp-content\/uploads\/mioprint-en-miopaper-05.png\" class=\"attachment-large size-large wp-image-2115\" alt=\"\" srcset=\"https:\/\/miopaper.com\/wp-content\/uploads\/mioprint-en-miopaper-05.png 680w, https:\/\/miopaper.com\/wp-content\/uploads\/mioprint-en-miopaper-05-300x228.png 300w\" sizes=\"(max-width: 680px) 100vw, 680px\" \/>\t\t\t\t\t\t\t\t\t\t\t\t\t<\/div>\n\t\t\t\t<\/div>\n\t\t\t\t<div class=\"elementor-element elementor-element-d7cf62e elementor-widget elementor-widget-image\" data-id=\"d7cf62e\" data-element_type=\"widget\" data-widget_type=\"image.default\">\n\t\t\t\t<div class=\"elementor-widget-container\">\n\t\t\t\t\t\t\t\t\t\t\t\t\t<img decoding=\"async\" width=\"762\" height=\"332\" src=\"https:\/\/miopaper.com\/wp-content\/uploads\/mioprint-en-08.png\" class=\"attachment-large size-large wp-image-2055\" alt=\"\" srcset=\"https:\/\/miopaper.com\/wp-content\/uploads\/mioprint-en-08.png 762w, https:\/\/miopaper.com\/wp-content\/uploads\/mioprint-en-08-300x131.png 300w\" sizes=\"(max-width: 762px) 100vw, 762px\" \/>\t\t\t\t\t\t\t\t\t\t\t\t\t<\/div>\n\t\t\t\t<\/div>\n\t\t\t\t\t<\/div>\n\t\t<\/div>\n\t\t\t\t\t<\/div>\n\t\t<\/section>\n\t\t\t\t<\/div>\n\t\t","protected":false},"excerpt":{"rendered":"<p>MIOPRINT\u2122 (DUBLEKS, GD) Dise\u00f1ado para la producci\u00f3n de cajas y envases que requieren buenas propiedades de impresi\u00f3n. El revestimiento de dos capas se aplica con Airknife &amp; Blade en la superficie superior y el revestimiento de una capa se aplica &hellip;<\/p>\n","protected":false},"author":1,"featured_media":0,"parent":0,"menu_order":0,"comment_status":"closed","ping_status":"closed","template":"","meta":{"footnotes":""},"class_list":["post-2080","page","type-page","status-publish","hentry"],"_links":{"self":[{"href":"https:\/\/miopaper.com\/es\/wp-json\/wp\/v2\/pages\/2080","targetHints":{"allow":["GET"]}}],"collection":[{"href":"https:\/\/miopaper.com\/es\/wp-json\/wp\/v2\/pages"}],"about":[{"href":"https:\/\/miopaper.com\/es\/wp-json\/wp\/v2\/types\/page"}],"author":[{"embeddable":true,"href":"https:\/\/miopaper.com\/es\/wp-json\/wp\/v2\/users\/1"}],"replies":[{"embeddable":true,"href":"https:\/\/miopaper.com\/es\/wp-json\/wp\/v2\/comments?post=2080"}],"version-history":[{"count":10,"href":"https:\/\/miopaper.com\/es\/wp-json\/wp\/v2\/pages\/2080\/revisions"}],"predecessor-version":[{"id":2122,"href":"https:\/\/miopaper.com\/es\/wp-json\/wp\/v2\/pages\/2080\/revisions\/2122"}],"wp:attachment":[{"href":"https:\/\/miopaper.com\/es\/wp-json\/wp\/v2\/media?parent=2080"}],"curies":[{"name":"wp","href":"https:\/\/api.w.org\/{rel}","templated":true}]}}